{"id":3744,"date":"2022-12-17T21:20:29","date_gmt":"2022-12-17T18:20:29","guid":{"rendered":"https:\/\/www.targe.com.tr\/our-devices\/targe-h2o-series\/"},"modified":"2022-12-17T22:55:40","modified_gmt":"2022-12-17T19:55:40","slug":"targe-h2o-series","status":"publish","type":"page","link":"https:\/\/www.targe.com.tr\/en\/our-devices\/targe-h2o-series\/","title":{"rendered":"Targe H2O Series"},"content":{"rendered":"\t\t<div data-elementor-type=\"wp-page\" data-elementor-id=\"3744\" class=\"elementor elementor-3744 elementor-2035\" data-elementor-settings=\"[]\">\n\t\t\t\t\t\t\t<div class=\"elementor-section-wrap\">\n\t\t\t\t\t\t\t<section class=\"elementor-section elementor-top-section elementor-element elementor-element-364b2a7b elementor-section-height-min-height elementor-section-boxed elementor-section-height-default elementor-section-items-middle\" data-id=\"364b2a7b\" data-element_type=\"section\" data-settings=\"{&quot;background_background&quot;:&quot;classic&quot;}\">\n\t\t\t\t\t\t\t<div class=\"elementor-background-overlay\"><\/div>\n\t\t\t\t\t\t\t<div class=\"elementor-container elementor-column-gap-no\">\n\t\t\t\t\t<div class=\"elementor-column elementor-col-100 elementor-top-column elementor-element elementor-element-5d592202\" data-id=\"5d592202\" data-element_type=\"column\">\n\t\t\t<div class=\"elementor-widget-wrap elementor-element-populated\">\n\t\t\t\t\t\t\t\t<div class=\"elementor-element elementor-element-554f0b2e elementor-invisible elementor-widget elementor-widget-heading\" data-id=\"554f0b2e\" data-element_type=\"widget\" data-settings=\"{&quot;_animation&quot;:&quot;slideInUp&quot;}\" data-widget_type=\"heading.default\">\n\t\t\t\t<div class=\"elementor-widget-container\">\n\t\t\t<h1 class=\"elementor-heading-title elementor-size-default\">Targe H2O Series<\/h1>\t\t<\/div>\n\t\t\t\t<\/div>\n\t\t\t\t\t<\/div>\n\t\t<\/div>\n\t\t\t\t\t\t\t<\/div>\n\t\t<\/section>\n\t\t\t\t<section class=\"elementor-section elementor-top-section elementor-element elementor-element-6ac6597 elementor-section-boxed elementor-section-height-default elementor-section-height-default\" data-id=\"6ac6597\" data-element_type=\"section\">\n\t\t\t\t\t\t<div class=\"elementor-container elementor-column-gap-default\">\n\t\t\t\t\t<div class=\"elementor-column elementor-col-50 elementor-top-column elementor-element elementor-element-68544c6\" data-id=\"68544c6\" data-element_type=\"column\">\n\t\t\t<div class=\"elementor-widget-wrap elementor-element-populated\">\n\t\t\t\t\t\t\t\t<div class=\"elementor-element elementor-element-142c7a5 elementor-widget elementor-widget-image\" data-id=\"142c7a5\" data-element_type=\"widget\" data-widget_type=\"image.default\">\n\t\t\t\t<div class=\"elementor-widget-container\">\n\t\t\t\t\t<div class=\"elementor-image\">\n\t\t\t\t\t\t\t\t\t\t<img loading=\"lazy\" decoding=\"async\" width=\"800\" height=\"800\" src=\"https:\/\/www.targe.com.tr\/wp-content\/uploads\/2022\/05\/sera-gubreleme-ve-sulama-sera-otomasyon-cihazi-1-1024x1024.png\" class=\"attachment-large size-large\" alt=\"\" srcset=\"https:\/\/www.targe.com.tr\/wp-content\/uploads\/2022\/05\/sera-gubreleme-ve-sulama-sera-otomasyon-cihazi-1-1024x1024.png 1024w, https:\/\/www.targe.com.tr\/wp-content\/uploads\/2022\/05\/sera-gubreleme-ve-sulama-sera-otomasyon-cihazi-1-300x300.png 300w, https:\/\/www.targe.com.tr\/wp-content\/uploads\/2022\/05\/sera-gubreleme-ve-sulama-sera-otomasyon-cihazi-1-150x150.png 150w, https:\/\/www.targe.com.tr\/wp-content\/uploads\/2022\/05\/sera-gubreleme-ve-sulama-sera-otomasyon-cihazi-1-768x768.png 768w, https:\/\/www.targe.com.tr\/wp-content\/uploads\/2022\/05\/sera-gubreleme-ve-sulama-sera-otomasyon-cihazi-1-1536x1536.png 1536w, https:\/\/www.targe.com.tr\/wp-content\/uploads\/2022\/05\/sera-gubreleme-ve-sulama-sera-otomasyon-cihazi-1.png 1920w\" sizes=\"auto, (max-width: 800px) 100vw, 800px\" \/>\t\t\t\t\t\t\t\t\t\t\t<\/div>\n\t\t\t\t<\/div>\n\t\t\t\t<\/div>\n\t\t\t\t\t<\/div>\n\t\t<\/div>\n\t\t\t\t<div class=\"elementor-column elementor-col-50 elementor-top-column elementor-element elementor-element-017d700\" data-id=\"017d700\" data-element_type=\"column\">\n\t\t\t<div class=\"elementor-widget-wrap elementor-element-populated\">\n\t\t\t\t\t\t\t\t<div class=\"elementor-element elementor-element-37ea25f elementor-widget elementor-widget-heading\" data-id=\"37ea25f\" data-element_type=\"widget\" data-widget_type=\"heading.default\">\n\t\t\t\t<div class=\"elementor-widget-container\">\n\t\t\t<h5 class=\"elementor-heading-title elementor-size-default\">Targe H2O Series<\/h5>\t\t<\/div>\n\t\t\t\t<\/div>\n\t\t\t\t<div class=\"elementor-element elementor-element-393e201 elementor-widget elementor-widget-heading\" data-id=\"393e201\" data-element_type=\"widget\" data-widget_type=\"heading.default\">\n\t\t\t\t<div class=\"elementor-widget-container\">\n\t\t\t<h6 class=\"elementor-heading-title elementor-size-default\">TARGE ALL IN ONE Series<\/h6>\t\t<\/div>\n\t\t\t\t<\/div>\n\t\t\t\t<div class=\"elementor-element elementor-element-cb4798b elementor-icon-list--layout-traditional elementor-list-item-link-full_width elementor-widget elementor-widget-icon-list\" data-id=\"cb4798b\" data-element_type=\"widget\" data-widget_type=\"icon-list.default\">\n\t\t\t\t<div class=\"elementor-widget-container\">\n\t\t\t\t\t<ul class=\"elementor-icon-list-items\">\n\t\t\t\t\t\t\t<li class=\"elementor-icon-list-item\">\n\t\t\t\t\t\t\t\t\t\t\t<span class=\"elementor-icon-list-icon\">\n\t\t\t\t\t\t\t<i aria-hidden=\"true\" class=\"fas fa-check\"><\/i>\t\t\t\t\t\t<\/span>\n\t\t\t\t\t\t\t\t\t\t<span class=\"elementor-icon-list-text\">Original interface software developed by Targe engineers<\/span>\n\t\t\t\t\t\t\t\t\t<\/li>\n\t\t\t\t\t\t\t\t<li class=\"elementor-icon-list-item\">\n\t\t\t\t\t\t\t\t\t\t\t<span class=\"elementor-icon-list-icon\">\n\t\t\t\t\t\t\t<i aria-hidden=\"true\" class=\"fas fa-check\"><\/i>\t\t\t\t\t\t<\/span>\n\t\t\t\t\t\t\t\t\t\t<span class=\"elementor-icon-list-text\">Ability to define sequential or scheduled irrigation<\/span>\n\t\t\t\t\t\t\t\t\t<\/li>\n\t\t\t\t\t\t\t\t<li class=\"elementor-icon-list-item\">\n\t\t\t\t\t\t\t\t\t\t\t<span class=\"elementor-icon-list-icon\">\n\t\t\t\t\t\t\t<i aria-hidden=\"true\" class=\"fas fa-check\"><\/i>\t\t\t\t\t\t<\/span>\n\t\t\t\t\t\t\t\t\t\t<span class=\"elementor-icon-list-text\">Programmable irrigation identification by date<\/span>\n\t\t\t\t\t\t\t\t\t<\/li>\n\t\t\t\t\t\t\t\t<li class=\"elementor-icon-list-item\">\n\t\t\t\t\t\t\t\t\t\t\t<span class=\"elementor-icon-list-icon\">\n\t\t\t\t\t\t\t<i aria-hidden=\"true\" class=\"fas fa-check\"><\/i>\t\t\t\t\t\t<\/span>\n\t\t\t\t\t\t\t\t\t\t<span class=\"elementor-icon-list-text\">Remote monitoring and management with Targe web and mobile software<\/span>\n\t\t\t\t\t\t\t\t\t<\/li>\n\t\t\t\t\t\t\t\t<li class=\"elementor-icon-list-item\">\n\t\t\t\t\t\t\t\t\t\t\t<span class=\"elementor-icon-list-icon\">\n\t\t\t\t\t\t\t<i aria-hidden=\"true\" class=\"fas fa-check\"><\/i>\t\t\t\t\t\t<\/span>\n\t\t\t\t\t\t\t\t\t\t<span class=\"elementor-icon-list-text\">Stainless chrome chassis<\/span>\n\t\t\t\t\t\t\t\t\t<\/li>\n\t\t\t\t\t\t\t\t<li class=\"elementor-icon-list-item\">\n\t\t\t\t\t\t\t\t\t\t\t<span class=\"elementor-icon-list-icon\">\n\t\t\t\t\t\t\t<i aria-hidden=\"true\" class=\"fas fa-check\"><\/i>\t\t\t\t\t\t<\/span>\n\t\t\t\t\t\t\t\t\t\t<span class=\"elementor-icon-list-text\">EC-pH control with proportional valves or on\/off valves optionally<\/span>\n\t\t\t\t\t\t\t\t\t<\/li>\n\t\t\t\t\t\t\t\t<li class=\"elementor-icon-list-item\">\n\t\t\t\t\t\t\t\t\t\t\t<span class=\"elementor-icon-list-icon\">\n\t\t\t\t\t\t\t<i aria-hidden=\"true\" class=\"fas fa-check\"><\/i>\t\t\t\t\t\t<\/span>\n\t\t\t\t\t\t\t\t\t\t<span class=\"elementor-icon-list-text\">Targe venturi system (1+1, 2+1, 3+1, 4+1, 5+1... optionally selectable)<\/span>\n\t\t\t\t\t\t\t\t\t<\/li>\n\t\t\t\t\t\t\t\t<li class=\"elementor-icon-list-item\">\n\t\t\t\t\t\t\t\t\t\t\t<span class=\"elementor-icon-list-icon\">\n\t\t\t\t\t\t\t<i aria-hidden=\"true\" class=\"fas fa-check\"><\/i>\t\t\t\t\t\t<\/span>\n\t\t\t\t\t\t\t\t\t\t<span class=\"elementor-icon-list-text\">EC-pH Fertilization according to sensor values or with Targe original design Liters\/Ratio<\/span>\n\t\t\t\t\t\t\t\t\t<\/li>\n\t\t\t\t\t\t\t\t<li class=\"elementor-icon-list-item\">\n\t\t\t\t\t\t\t\t\t\t\t<span class=\"elementor-icon-list-icon\">\n\t\t\t\t\t\t\t<i aria-hidden=\"true\" class=\"fas fa-check\"><\/i>\t\t\t\t\t\t<\/span>\n\t\t\t\t\t\t\t\t\t\t<span class=\"elementor-icon-list-text\">Ability to determine the screen size that suits your needs<\/span>\n\t\t\t\t\t\t\t\t\t<\/li>\n\t\t\t\t\t\t\t\t<li class=\"elementor-icon-list-item\">\n\t\t\t\t\t\t\t\t\t\t\t<span class=\"elementor-icon-list-icon\">\n\t\t\t\t\t\t\t<i aria-hidden=\"true\" class=\"fas fa-check\"><\/i>\t\t\t\t\t\t<\/span>\n\t\t\t\t\t\t\t\t\t\t<span class=\"elementor-icon-list-text\">Linux tabanl\u0131 ger\u00e7ek bilgisayar ve Targe yaz\u0131l\u0131m\u0131 ile sulama sisteminizin tam kontrol\u00fc yap\u0131labilmektedir.<\/span>\n\t\t\t\t\t\t\t\t\t<\/li>\n\t\t\t\t\t\t\t\t<li class=\"elementor-icon-list-item\">\n\t\t\t\t\t\t\t\t\t\t\t<span class=\"elementor-icon-list-icon\">\n\t\t\t\t\t\t\t<i aria-hidden=\"true\" class=\"fas fa-check\"><\/i>\t\t\t\t\t\t<\/span>\n\t\t\t\t\t\t\t\t\t\t<span class=\"elementor-icon-list-text\">Protection against unauthorized use by user login method<\/span>\n\t\t\t\t\t\t\t\t\t<\/li>\n\t\t\t\t\t\t\t\t<li class=\"elementor-icon-list-item\">\n\t\t\t\t\t\t\t\t\t\t\t<span class=\"elementor-icon-list-icon\">\n\t\t\t\t\t\t\t<i aria-hidden=\"true\" class=\"fas fa-check\"><\/i>\t\t\t\t\t\t<\/span>\n\t\t\t\t\t\t\t\t\t\t<span class=\"elementor-icon-list-text\">Remote monitoring and management with Targe web and mobile software<\/span>\n\t\t\t\t\t\t\t\t\t<\/li>\n\t\t\t\t\t\t\t\t<li class=\"elementor-icon-list-item\">\n\t\t\t\t\t\t\t\t\t\t\t<span class=\"elementor-icon-list-icon\">\n\t\t\t\t\t\t\t<i aria-hidden=\"true\" class=\"fas fa-check\"><\/i>\t\t\t\t\t\t<\/span>\n\t\t\t\t\t\t\t\t\t\t<span class=\"elementor-icon-list-text\">Actual monitoring and reporting with event logs and reports<\/span>\n\t\t\t\t\t\t\t\t\t<\/li>\n\t\t\t\t\t\t\t\t<li class=\"elementor-icon-list-item\">\n\t\t\t\t\t\t\t\t\t\t\t<span class=\"elementor-icon-list-icon\">\n\t\t\t\t\t\t\t<i aria-hidden=\"true\" class=\"fas fa-check\"><\/i>\t\t\t\t\t\t<\/span>\n\t\t\t\t\t\t\t\t\t\t<span class=\"elementor-icon-list-text\">16 valves and irrigation system control (can be increased with additional cards with CAN protocol)<\/span>\n\t\t\t\t\t\t\t\t\t<\/li>\n\t\t\t\t\t\t\t\t<li class=\"elementor-icon-list-item\">\n\t\t\t\t\t\t\t\t\t\t\t<span class=\"elementor-icon-list-icon\">\n\t\t\t\t\t\t\t<i aria-hidden=\"true\" class=\"fas fa-check\"><\/i>\t\t\t\t\t\t<\/span>\n\t\t\t\t\t\t\t\t\t\t<span class=\"elementor-icon-list-text\">24\/7 alarm management via SMS<\/span>\n\t\t\t\t\t\t\t\t\t<\/li>\n\t\t\t\t\t\t<\/ul>\n\t\t\t\t<\/div>\n\t\t\t\t<\/div>\n\t\t\t\t\t<\/div>\n\t\t<\/div>\n\t\t\t\t\t\t\t<\/div>\n\t\t<\/section>\n\t\t\t\t<section class=\"elementor-section elementor-top-section elementor-element elementor-element-13312a1 elementor-section-boxed elementor-section-height-default elementor-section-height-default\" data-id=\"13312a1\" data-element_type=\"section\">\n\t\t\t\t\t\t<div class=\"elementor-container elementor-column-gap-default\">\n\t\t\t\t\t<div class=\"elementor-column elementor-col-100 elementor-top-column elementor-element elementor-element-43887a4\" data-id=\"43887a4\" data-element_type=\"column\">\n\t\t\t<div class=\"elementor-widget-wrap elementor-element-populated\">\n\t\t\t\t\t\t\t\t<div class=\"elementor-element elementor-element-fa0550f elementor-tabs-view-horizontal elementor-widget elementor-widget-tabs\" data-id=\"fa0550f\" data-element_type=\"widget\" data-widget_type=\"tabs.default\">\n\t\t\t\t<div class=\"elementor-widget-container\">\n\t\t\t\t\t<div class=\"elementor-tabs\">\n\t\t\t<div class=\"elementor-tabs-wrapper\" role=\"tablist\" >\n\t\t\t\t\t\t\t\t\t<div id=\"elementor-tab-title-2621\" class=\"elementor-tab-title elementor-tab-desktop-title\" aria-selected=\"true\" data-tab=\"1\" role=\"tab\" tabindex=\"0\" aria-controls=\"elementor-tab-content-2621\" aria-expanded=\"false\">H2O 310 Features<\/div>\n\t\t\t\t\t\t\t\t\t<div id=\"elementor-tab-title-2622\" class=\"elementor-tab-title elementor-tab-desktop-title\" aria-selected=\"false\" data-tab=\"2\" role=\"tab\" tabindex=\"-1\" aria-controls=\"elementor-tab-content-2622\" aria-expanded=\"false\">H2O 320 Features<\/div>\n\t\t\t\t\t\t\t\t\t<div id=\"elementor-tab-title-2623\" class=\"elementor-tab-title elementor-tab-desktop-title\" aria-selected=\"false\" data-tab=\"3\" role=\"tab\" tabindex=\"-1\" aria-controls=\"elementor-tab-content-2623\" aria-expanded=\"false\">H2O 330 Features<\/div>\n\t\t\t\t\t\t\t\t\t<div id=\"elementor-tab-title-2624\" class=\"elementor-tab-title elementor-tab-desktop-title\" aria-selected=\"false\" data-tab=\"4\" role=\"tab\" tabindex=\"-1\" aria-controls=\"elementor-tab-content-2624\" aria-expanded=\"false\">H2O 340 Properties<\/div>\n\t\t\t\t\t\t\t<\/div>\n\t\t\t<div class=\"elementor-tabs-content-wrapper\" role=\"tablist\" aria-orientation=\"vertical\">\n\t\t\t\t\t\t\t\t\t<div class=\"elementor-tab-title elementor-tab-mobile-title\" aria-selected=\"true\" data-tab=\"1\" role=\"tab\" tabindex=\"0\" aria-controls=\"elementor-tab-content-2621\" aria-expanded=\"false\">H2O 310 Features<\/div>\n\t\t\t\t\t<div id=\"elementor-tab-content-2621\" class=\"elementor-tab-content elementor-clearfix\" data-tab=\"1\" role=\"tabpanel\" aria-labelledby=\"elementor-tab-title-2621\" tabindex=\"0\" hidden=\"false\"><ul>\n<li>7&#8243; Screen (additional screen can be added)<\/li>\n<li>v1 Linux based industrial computer and Targe Automation software<\/li>\n<li>v1 Targe control card and software<\/li>\n<li>Targe EC-pH sensor<\/li>\n<li>EC-pH control with On-Off valves<\/li>\n<li>Sequential irrigation and valve control<\/li>\n<li>Remote monitoring and management with Targe web and mobile software<\/li>\n<li>Fertilizing according to sensor values<\/li>\n<li>24\/7 alarm management via SMS<\/li>\n<li>Protection against unauthorized use with software user access control<\/li>\n<li>Fact control and monitoring with event logs and reports<\/li>\n<\/ul>\n<\/div>\n\t\t\t\t\t\t\t\t\t<div class=\"elementor-tab-title elementor-tab-mobile-title\" aria-selected=\"false\" data-tab=\"2\" role=\"tab\" tabindex=\"-1\" aria-controls=\"elementor-tab-content-2622\" aria-expanded=\"false\">H2O 320 Features<\/div>\n\t\t\t\t\t<div id=\"elementor-tab-content-2622\" class=\"elementor-tab-content elementor-clearfix\" data-tab=\"2\" role=\"tabpanel\" aria-labelledby=\"elementor-tab-title-2622\" tabindex=\"0\" hidden=\"hidden\"><ul>\n<li>10&#8243; Screen (additional screen can be added)<\/li>\n<li>v2 Linux based industrial computer and Targe Automation software<\/li>\n<li>v2 Targe control card and software<\/li>\n<li>Industrial EC-pH sensor<\/li>\n<li>EC-pH control with On-Off valves<\/li>\n<li>Sequential irrigation and valve control<\/li>\n<li>Programmable irrigation identification by date<\/li>\n<li>Remote monitoring and management with Targe web and mobile software<\/li>\n<li>Irrigation according to sensor and flow rate (Liters\/Ratio)<\/li>\n<li>24\/7 alarm management via SMS<\/li>\n<li>Protection against unauthorized use with software user access control<\/li>\n<li>Fact control and monitoring with event logs and reports<\/li>\n<\/ul>\n<\/div>\n\t\t\t\t\t\t\t\t\t<div class=\"elementor-tab-title elementor-tab-mobile-title\" aria-selected=\"false\" data-tab=\"3\" role=\"tab\" tabindex=\"-1\" aria-controls=\"elementor-tab-content-2623\" aria-expanded=\"false\">H2O 330 Features<\/div>\n\t\t\t\t\t<div id=\"elementor-tab-content-2623\" class=\"elementor-tab-content elementor-clearfix\" data-tab=\"3\" role=\"tabpanel\" aria-labelledby=\"elementor-tab-title-2623\" tabindex=\"0\" hidden=\"hidden\"><ul>\n<li>10&#8243; Screen (additional screen can be added)<\/li>\n<li>v2 Linux based industrial computer and Targe Automation software<\/li>\n<li>v2 Targe control card and software<\/li>\n<li>Industrial EC-pH sensor<\/li>\n<li>Real-time EC-pH control with proportionally controlled valves<\/li>\n<li>Sequential irrigation and valve control<\/li>\n<li>Programmable irrigation identification by date<\/li>\n<li>Remote monitoring and management with Targe web and mobile software<\/li>\n<li>Irrigation according to sensor and flow rate (Liters\/Ratio)<\/li>\n<li>16 valves and irrigation system control with CAN protocol (can be increased with additional cards)<\/li>\n<li>Targe venturi system (1+1, 2+1, 3+1, 4+1, 5+1&#8230; optionally selectable)<\/li>\n<li>24\/7 alarm management via SMS<\/li>\n<li>Protection against unauthorized use with software user access control<\/li>\n<li>Fact control and monitoring with event logs and reports<\/li>\n<\/ul>\n<\/div>\n\t\t\t\t\t\t\t\t\t<div class=\"elementor-tab-title elementor-tab-mobile-title\" aria-selected=\"false\" data-tab=\"4\" role=\"tab\" tabindex=\"-1\" aria-controls=\"elementor-tab-content-2624\" aria-expanded=\"false\">H2O 340 Properties<\/div>\n\t\t\t\t\t<div id=\"elementor-tab-content-2624\" class=\"elementor-tab-content elementor-clearfix\" data-tab=\"4\" role=\"tabpanel\" aria-labelledby=\"elementor-tab-title-2624\" tabindex=\"0\" hidden=\"hidden\"><ul>\n<li>15&#8243; Screen (additional screen can be added)<\/li>\n<li>v2 Linux based industrial computer and Targe Automation software<\/li>\n<li>v2 Targe control card and software<\/li>\n<li>Industrial EC-pH sensor<\/li>\n<li>Real-time EC-pH control with proportionally controlled valves<\/li>\n<li>Sequential irrigation and valve control<\/li>\n<li>Programmable irrigation identification by date<\/li>\n<li>Remote monitoring and management with Targe web and mobile software<\/li>\n<li>Irrigation according to sensor and flow rate (Liters\/Ratio)<\/li>\n<li>16 valves and irrigation system control with CAN protocol (can be increased with additional cards)<\/li>\n<li>Targe venturi system (1+1, 2+1, 3+1, 4+1, 5+1&#8230; optionally selectable)<\/li>\n<li>24\/7 alarm management via SMS<\/li>\n<li>Protection against unauthorized use with software user access control<\/li>\n<li>Fact control and monitoring with event logs and reports<\/li>\n<li>Targe Air Conditioning software<\/li>\n<li>Climate control with Targe electronic climate cards (1 set)<\/li>\n<li>Targe 360\u00b0 &#8211; 20 precision meteorology stations (1 unit)<\/li>\n<li>Targe temperature, humidity and light sensor (can be increased by 1)<\/li>\n<\/ul>\n<\/div>\n\t\t\t\t\t\t\t<\/div>\n\t\t<\/div>\n\t\t\t\t<\/div>\n\t\t\t\t<\/div>\n\t\t\t\t\t<\/div>\n\t\t<\/div>\n\t\t\t\t\t\t\t<\/div>\n\t\t<\/section>\n\t\t\t\t\t\t<\/div>\n\t\t\t\t\t<\/div>\n\t\t","protected":false},"excerpt":{"rendered":"<p>TARGE ALL IN ONE Series Original interface software developed by Targe engineers Ability to define sequential or scheduled irrigation Programmable irrigation identification by date Remote monitoring and management with Targe web and mobile software Stainless chrome chassis EC-pH control with proportional valves or on\/off valves optionally Targe venturi system (1+1, 2+1, 3+1, 4+1, 5+1&#8230; optionally [&hellip;]<\/p>\n","protected":false},"author":1,"featured_media":0,"parent":3699,"menu_order":0,"comment_status":"closed","ping_status":"closed","template":"","meta":{"footnotes":""},"class_list":["post-3744","page","type-page","status-publish","hentry"],"_links":{"self":[{"href":"https:\/\/www.targe.com.tr\/en\/wp-json\/wp\/v2\/pages\/3744","targetHints":{"allow":["GET"]}}],"collection":[{"href":"https:\/\/www.targe.com.tr\/en\/wp-json\/wp\/v2\/pages"}],"about":[{"href":"https:\/\/www.targe.com.tr\/en\/wp-json\/wp\/v2\/types\/page"}],"author":[{"embeddable":true,"href":"https:\/\/www.targe.com.tr\/en\/wp-json\/wp\/v2\/users\/1"}],"replies":[{"embeddable":true,"href":"https:\/\/www.targe.com.tr\/en\/wp-json\/wp\/v2\/comments?post=3744"}],"version-history":[{"count":3,"href":"https:\/\/www.targe.com.tr\/en\/wp-json\/wp\/v2\/pages\/3744\/revisions"}],"predecessor-version":[{"id":3747,"href":"https:\/\/www.targe.com.tr\/en\/wp-json\/wp\/v2\/pages\/3744\/revisions\/3747"}],"up":[{"embeddable":true,"href":"https:\/\/www.targe.com.tr\/en\/wp-json\/wp\/v2\/pages\/3699"}],"wp:attachment":[{"href":"https:\/\/www.targe.com.tr\/en\/wp-json\/wp\/v2\/media?parent=3744"}],"curies":[{"name":"wp","href":"https:\/\/api.w.org\/{rel}","templated":true}]}}