{"id":3905,"date":"2022-04-29T15:02:18","date_gmt":"2022-04-29T12:02:18","guid":{"rendered":"https:\/\/www.targe.com.tr\/%d8%a7%d9%84%d9%85%d8%a4%d8%b3%d8%b3%d9%8a%d8%a9\/"},"modified":"2023-03-03T22:42:46","modified_gmt":"2023-03-03T19:42:46","slug":"%d8%a7%d9%84%d9%85%d8%a4%d8%b3%d8%b3%d9%8a%d8%a9","status":"publish","type":"page","link":"https:\/\/www.targe.com.tr\/ar\/%d8%a7%d9%84%d9%85%d8%a4%d8%b3%d8%b3%d9%8a%d8%a9\/","title":{"rendered":"\u0627\u0644\u0645\u0624\u0633\u0633\u064a\u0629"},"content":{"rendered":"\t\t<div data-elementor-type=\"wp-page\" data-elementor-id=\"3905\" class=\"elementor elementor-3905 elementor-124\" data-elementor-settings=\"[]\">\n\t\t\t\t\t\t\t<div class=\"elementor-section-wrap\">\n\t\t\t\t\t\t\t<section class=\"elementor-section elementor-top-section elementor-element elementor-element-6523ec4b elementor-section-height-min-height elementor-section-boxed elementor-section-height-default elementor-section-items-middle\" data-id=\"6523ec4b\" data-element_type=\"section\" data-settings=\"{&quot;background_background&quot;:&quot;classic&quot;,&quot;background_motion_fx_motion_fx_scrolling&quot;:&quot;yes&quot;,&quot;background_motion_fx_devices&quot;:[&quot;desktop&quot;,&quot;tablet&quot;,&quot;mobile&quot;]}\">\n\t\t\t\t\t\t\t<div class=\"elementor-background-overlay\"><\/div>\n\t\t\t\t\t\t\t<div class=\"elementor-container elementor-column-gap-no\">\n\t\t\t\t\t<div class=\"elementor-column elementor-col-100 elementor-top-column elementor-element elementor-element-2e7ea64e\" data-id=\"2e7ea64e\" data-element_type=\"column\">\n\t\t\t<div class=\"elementor-widget-wrap elementor-element-populated\">\n\t\t\t\t\t\t\t\t<div class=\"elementor-element elementor-element-47c145f3 elementor-invisible elementor-widget elementor-widget-heading\" data-id=\"47c145f3\" data-element_type=\"widget\" data-settings=\"{&quot;_animation&quot;:&quot;slideInUp&quot;}\" data-widget_type=\"heading.default\">\n\t\t\t\t<div class=\"elementor-widget-container\">\n\t\t\t<h1 class=\"elementor-heading-title elementor-size-default\">\u0627\u0644\u0645\u0624\u0633\u0633\u064a\u0629<\/h1>\t\t<\/div>\n\t\t\t\t<\/div>\n\t\t\t\t\t<\/div>\n\t\t<\/div>\n\t\t\t\t\t\t\t<\/div>\n\t\t<\/section>\n\t\t\t\t<section class=\"elementor-section elementor-top-section elementor-element elementor-element-1f444680 elementor-section-boxed elementor-section-height-default elementor-section-height-default\" data-id=\"1f444680\" data-element_type=\"section\">\n\t\t\t\t\t\t<div class=\"elementor-container elementor-column-gap-no\">\n\t\t\t\t\t<div class=\"elementor-column elementor-col-100 elementor-top-column elementor-element elementor-element-4021476b\" data-id=\"4021476b\" data-element_type=\"column\">\n\t\t\t<div class=\"elementor-widget-wrap elementor-element-populated\">\n\t\t\t\t\t\t\t\t<section class=\"elementor-section elementor-inner-section elementor-element elementor-element-224eeb82 elementor-section-boxed elementor-section-height-default elementor-section-height-default\" data-id=\"224eeb82\" data-element_type=\"section\">\n\t\t\t\t\t\t<div class=\"elementor-container elementor-column-gap-no\">\n\t\t\t\t\t<div class=\"elementor-column elementor-col-50 elementor-inner-column elementor-element elementor-element-30a680bb elementor-invisible\" data-id=\"30a680bb\" data-element_type=\"column\" data-settings=\"{&quot;background_background&quot;:&quot;classic&quot;,&quot;animation&quot;:&quot;fadeInUp&quot;}\">\n\t\t\t<div class=\"elementor-widget-wrap elementor-element-populated\">\n\t\t\t\t\t<div class=\"elementor-background-overlay\"><\/div>\n\t\t\t\t\t\t\t\t<div class=\"elementor-element elementor-element-5297e6e8 elementor-widget elementor-widget-spacer\" data-id=\"5297e6e8\" data-element_type=\"widget\" data-widget_type=\"spacer.default\">\n\t\t\t\t<div class=\"elementor-widget-container\">\n\t\t\t\t\t<div class=\"elementor-spacer\">\n\t\t\t<div class=\"elementor-spacer-inner\"><\/div>\n\t\t<\/div>\n\t\t\t\t<\/div>\n\t\t\t\t<\/div>\n\t\t\t\t\t<\/div>\n\t\t<\/div>\n\t\t\t\t<div class=\"elementor-column elementor-col-50 elementor-inner-column elementor-element elementor-element-409682c\" data-id=\"409682c\" data-element_type=\"column\" data-settings=\"{&quot;background_background&quot;:&quot;classic&quot;}\">\n\t\t\t<div class=\"elementor-widget-wrap elementor-element-populated\">\n\t\t\t\t\t<div class=\"elementor-background-overlay\"><\/div>\n\t\t\t\t\t\t\t\t<div class=\"elementor-element elementor-element-66aebdda elementor-invisible elementor-widget elementor-widget-heading\" data-id=\"66aebdda\" data-element_type=\"widget\" data-settings=\"{&quot;_animation&quot;:&quot;fadeInLeft&quot;}\" data-widget_type=\"heading.default\">\n\t\t\t\t<div class=\"elementor-widget-container\">\n\t\t\t<h3 class=\"elementor-heading-title elementor-size-default\">\u0645\u0639\u0644\u0648\u0645\u0627\u062a \u0639\u0646\u0627<\/h3>\t\t<\/div>\n\t\t\t\t<\/div>\n\t\t\t\t<div class=\"elementor-element elementor-element-5998098 elementor-invisible elementor-widget elementor-widget-heading\" data-id=\"5998098\" data-element_type=\"widget\" data-settings=\"{&quot;_animation&quot;:&quot;fadeInDown&quot;}\" data-widget_type=\"heading.default\">\n\t\t\t\t<div class=\"elementor-widget-container\">\n\t\t\t<h2 class=\"elementor-heading-title elementor-size-default\">\u0627\u0644\u0647\u062f\u0641 \u0623\u062a\u0645\u062a\u0629<\/h2>\t\t<\/div>\n\t\t\t\t<\/div>\n\t\t\t\t<div class=\"elementor-element elementor-element-5c4872a elementor-invisible elementor-widget elementor-widget-text-editor\" data-id=\"5c4872a\" data-element_type=\"widget\" data-settings=\"{&quot;_animation&quot;:&quot;fadeInDown&quot;}\" data-widget_type=\"text-editor.default\">\n\t\t\t\t<div class=\"elementor-widget-container\">\n\t\t\t\t\t<div class=\"elementor-text-editor elementor-clearfix\"><p>\u0634\u0631\u0643\u062a\u0646\u0627 \u060c \u0627\u0644\u062a\u064a \u062a\u0623\u0633\u0633\u062a \u0641\u064a \u0639\u0627\u0645 2015 \u0628\u0645\u0634\u0631\u0648\u0639 \u0628\u062d\u062b\u064a \u062c\u0627\u0645\u0639\u064a \u0644\u0644\u0628\u062d\u062b \u0648\u0627\u0644\u062a\u0637\u0648\u064a\u0631 \u0627\u0644\u0632\u0631\u0627\u0639\u064a \u060c \u0647\u064a \u0627\u0644\u064a\u0648\u0645 Targe Otomasyon Sanayi ve Ticaret A.\u015e. \u062a\u0646\u062a\u062c \u0623\u062c\u0647\u0632\u0629 \u0627\u0644\u0623\u062a\u0645\u062a\u0629 \u062a\u062d\u062a \u0627\u0633\u0645 &#8220;\u0623\u0646\u0638\u0645\u0629 \u0627\u0644\u0623\u062a\u0645\u062a\u0629 \u0627\u0644\u0645\u062d\u0644\u064a\u0629 \u0648\u0627\u0644\u0648\u0637\u0646\u064a\u0629&#8221; \u0648\u062a\u062d\u062a \u0627\u0644\u0639\u0644\u0627\u0645\u0629 \u0627\u0644\u062a\u062c\u0627\u0631\u064a\u0629 TARGE.<\/p>\n<p>\u0634\u0631\u0643\u062a\u0646\u0627 \u060c \u0648\u0647\u064a \u062c\u0632\u0621 \u0645\u0646 \u0645\u062c\u0645\u0648\u0639\u0629 \u0634\u0631\u0643\u0627\u062a Orallar \u060c \u0647\u064a \u0634\u0631\u0643\u0629 \u062a\u0643\u0646\u0648\u0628\u0648\u0644\u064a\u0633 \u0648\u062a\u0648\u0627\u0635\u0644 \u0623\u0628\u062d\u0627\u062b\u0647\u0627 \u0627\u0644\u0639\u0644\u0645\u064a\u0629 \u0641\u064a \u0639\u0645\u0644\u064a\u0629 \u0627\u0644\u0625\u0646\u062a\u0627\u062c \u0641\u064a \u0645\u0631\u0643\u0632 \u062a\u0637\u0648\u064a\u0631 \u0627\u0644\u062a\u0643\u0646\u0648\u0644\u0648\u062c\u064a\u0627 Burdur MAK\u00dc-BAKA. \u0639\u0645\u0644\u064a\u0627\u062a \u0627\u0644\u0625\u0646\u062a\u0627\u062c \u0648\u0627\u0644\u062a\u0634\u063a\u064a\u0644 \u0644\u0623\u0639\u0645\u0627\u0644\u0646\u0627 \u0647\u064a \u061b \u064a\u062a\u0645 \u062a\u0646\u0641\u064a\u0630\u0647 \u0641\u064a \u0645\u0631\u0643\u0632 \u0627\u0644\u0625\u0646\u062a\u0627\u062c \u0627\u0644\u062e\u0627\u0635 \u0628\u0646\u0627 \u0627\u0644\u0645\u0648\u062c\u0648\u062f \u0641\u064a \u0623\u0646\u0637\u0627\u0644\u064a\u0627 \u060c \u0645\u0631\u0643\u0632 \u0627\u0644\u0635\u0648\u0628\u0629 \u0627\u0644\u0632\u062c\u0627\u062c\u064a\u0629 \u0641\u064a \u062a\u0631\u0643\u064a\u0627.<\/p>\n<p>\u0639\u0644\u0649 \u0646\u0645\u0648\u0630\u062c TARGE Smart Greenhouse \u061b \u064a\u062a\u0645 \u0628\u0627\u0633\u062a\u0645\u0631\u0627\u0631 \u062a\u0637\u0648\u064a\u0631 \u0648\u062a\u062d\u062f\u064a\u062b \u062f\u0631\u0627\u0633\u0627\u062a \u0627\u0644\u0628\u062d\u062b \u0648\u0627\u0644\u062a\u0637\u0648\u064a\u0631 \u0627\u0644\u062e\u0627\u0635\u0629 \u0628\u0646\u0627 \u0641\u064a \u0645\u062c\u0627\u0644\u0627\u062a \u062a\u0643\u0627\u0645\u0644 \u0627\u0644\u0630\u0643\u0627\u0621 \u0627\u0644\u0627\u0635\u0637\u0646\u0627\u0639\u064a \u0648\u0645\u0639\u0627\u0644\u062c\u0629 \u0627\u0644\u0635\u0648\u0631 \u0648\u062a\u0642\u0646\u064a\u0627\u062a \u0627\u0644\u0627\u0633\u062a\u0634\u0639\u0627\u0631 \u0627\u0644\u0645\u062d\u0644\u064a\u0629.<\/p>\n<p>\u062a\u0633\u0627\u0647\u0645 \u0627\u0644\u0623\u0646\u0634\u0637\u0629 \u0627\u0644\u062a\u062c\u0627\u0631\u064a\u0629 \u060c \u0627\u0644\u062a\u064a \u0628\u062f\u0623\u062a \u0641\u064a \u0639\u0627\u0645 1971 \u0641\u064a \u0645\u062c\u0645\u0648\u0639\u0629 \u0634\u0631\u0643\u0627\u062a Orallar Group \u060c \u0648\u0627\u0644\u062a\u064a \u062a\u0642\u0639 \u0641\u064a\u0647\u0627 \u0634\u0631\u0643\u062a\u0646\u0627 \u060c \u0641\u064a \u0627\u0644\u0627\u0642\u062a\u0635\u0627\u062f \u0627\u0644\u0648\u0637\u0646\u064a \u0648\u0627\u0644\u0639\u0627\u0644\u0645\u064a \u0628\u062e\u0628\u0631\u0629 50 \u0639\u0627\u0645\u064b\u0627 \u0641\u064a 7 \u062e\u0637\u0648\u0637 \u0623\u0639\u0645\u0627\u0644 \u0645\u062e\u062a\u0644\u0641\u0629 \u060c \u0648 4 \u0642\u0637\u0627\u0639\u0627\u062a \u0645\u062e\u062a\u0644\u0641\u0629. \u0645\u062c\u0645\u0648\u0639\u0629 Orallar \u0627\u0644\u062a\u064a \u062a\u0648\u0627\u0635\u0644 \u0645\u0641\u0647\u0648\u0645\u0647\u0627 \u0627\u0644\u062e\u062f\u0645\u064a \u062a\u062d\u062a \u0634\u0639\u0627\u0631 &#8220;\u0646\u062d\u0646 \u0646\u0646\u0645\u0648 \u0645\u0639\u0627!&#8221; \u061b \u0645\u0639 \u0645\u0627 \u064a\u0642\u0631\u0628 \u0645\u0646 250 \u0645\u0648\u0638\u0641\u064b\u0627 \u061b \u062a\u0639\u0645\u0644 \u0641\u064a \u0645\u062c\u0627\u0644\u0627\u062a \u0627\u0644\u062e\u0631\u0633\u0627\u0646\u0629 \u0627\u0644\u062c\u0627\u0647\u0632\u0629 \u0648\u0627\u0644\u0631\u0643\u0627\u0645 \u0648\u0627\u0644\u0628\u0646\u0627\u0621 \u0648\u0627\u0644\u062a\u0631\u0645\u064a\u0645 \u0648\u0627\u0644\u0623\u062b\u0627\u062b \u0648\u0623\u0646\u0638\u0645\u0629 \u0627\u0644\u062a\u0634\u063a\u064a\u0644 \u0627\u0644\u0622\u0644\u064a \u0648\u0627\u0644\u0632\u0631\u0627\u0639\u0629.<\/p>\n<p>\u0628\u0647\u062f\u0641 \u0625\u0636\u0627\u0641\u0629 \u0642\u064a\u0645\u0629 \u0644\u0645\u0633\u062a\u0642\u0628\u0644 \u0627\u0644\u0639\u0627\u0644\u0645 \u060c TARGE Otomasyon A.\u015e. \u0648 \u0130NS\u0130T\u00dc Ye\u015fil Teknolojiler A.\u015e. \u062a\u0645 \u062a\u0637\u0648\u064a\u0631\u0647\u0627 \u0648\u0635\u064a\u0627\u0646\u062a\u0647\u0627 \u0628\u0648\u0627\u0633\u0637\u0629<\/p>\n<\/div>\n\t\t\t\t<\/div>\n\t\t\t\t<\/div>\n\t\t\t\t<div class=\"elementor-element elementor-element-c150168 elementor-position-left elementor-view-default elementor-vertical-align-top elementor-widget elementor-widget-icon-box\" data-id=\"c150168\" data-element_type=\"widget\" data-widget_type=\"icon-box.default\">\n\t\t\t\t<div class=\"elementor-widget-container\">\n\t\t\t\t\t<div class=\"elementor-icon-box-wrapper\">\n\t\t\t\t\t\t<div class=\"elementor-icon-box-icon\">\n\t\t\t\t<span class=\"elementor-icon elementor-animation-\" >\n\t\t\t\t<i aria-hidden=\"true\" class=\"fas fa-check\"><\/i>\t\t\t\t<\/span>\n\t\t\t<\/div>\n\t\t\t\t\t\t<div class=\"elementor-icon-box-content\">\n\t\t\t\t<h3 class=\"elementor-icon-box-title\">\n\t\t\t\t\t<span >\u0645\u0647\u0645\u062a\u0646\u0627<\/span>\n\t\t\t\t<\/h3>\n\t\t\t\t\t\t\t\t<p class=\"elementor-icon-box-description\">\u0644\u062a\u0642\u062f\u064a\u0645 \u062a\u0642\u0646\u064a\u0627\u062a \u0632\u0631\u0627\u0639\u064a\u0629 \u0639\u0627\u0644\u064a\u0629 \u0627\u0644\u062c\u0648\u062f\u0629 \u0648\u0645\u0628\u062a\u0643\u0631\u0629 \u0648\u0631\u0627\u0626\u062f\u0629 \u060c \u0642\u0645\u0646\u0627 \u0628\u062a\u0637\u0648\u064a\u0631\u0647\u0627 \u0645\u0639 \u0627\u0644\u0628\u062d\u062b \u0648\u0627\u0644\u062a\u0637\u0648\u064a\u0631 \u060c \u0644\u062e\u062f\u0645\u0629 \u0628\u0644\u062f\u0646\u0627 \u0648\u0627\u0644\u0639\u0627\u0644\u0645.<\/p>\n\t\t\t\t\t\t\t<\/div>\n\t\t<\/div>\n\t\t\t\t<\/div>\n\t\t\t\t<\/div>\n\t\t\t\t<div class=\"elementor-element elementor-element-99138cd elementor-position-left elementor-view-default elementor-vertical-align-top elementor-widget elementor-widget-icon-box\" data-id=\"99138cd\" data-element_type=\"widget\" data-widget_type=\"icon-box.default\">\n\t\t\t\t<div class=\"elementor-widget-container\">\n\t\t\t\t\t<div class=\"elementor-icon-box-wrapper\">\n\t\t\t\t\t\t<div class=\"elementor-icon-box-icon\">\n\t\t\t\t<span class=\"elementor-icon elementor-animation-\" >\n\t\t\t\t<i aria-hidden=\"true\" class=\"fas fa-check\"><\/i>\t\t\t\t<\/span>\n\t\t\t<\/div>\n\t\t\t\t\t\t<div class=\"elementor-icon-box-content\">\n\t\t\t\t<h3 class=\"elementor-icon-box-title\">\n\t\t\t\t\t<span >\u0631\u0624\u064a\u062a\u0646\u0627<\/span>\n\t\t\t\t<\/h3>\n\t\t\t\t\t\t\t\t<p class=\"elementor-icon-box-description\">\u0623\u0646 \u0646\u0643\u0648\u0646 \u0639\u0644\u0627\u0645\u0629 \u062a\u062c\u0627\u0631\u064a\u0629 \u0639\u0627\u0644\u0645\u064a\u0629 \u0645\u062d\u0644\u064a\u0629 \u0648\u0648\u0637\u0646\u064a\u0629 \u0631\u0627\u0626\u062f\u0629 \u0641\u064a \u062d\u0644\u0648\u0644 \u0627\u0644\u0625\u0646\u062a\u0627\u062c \u0627\u0644\u062a\u0643\u0646\u0648\u0644\u0648\u062c\u064a \u0641\u064a \u0627\u0644\u0632\u0631\u0627\u0639\u0629.<\/p>\n\t\t\t\t\t\t\t<\/div>\n\t\t<\/div>\n\t\t\t\t<\/div>\n\t\t\t\t<\/div>\n\t\t\t\t\t<\/div>\n\t\t<\/div>\n\t\t\t\t\t\t\t<\/div>\n\t\t<\/section>\n\t\t\t\t\t<\/div>\n\t\t<\/div>\n\t\t\t\t\t\t\t<\/div>\n\t\t<\/section>\n\t\t\t\t<section class=\"elementor-section elementor-top-section elementor-element elementor-element-8adb167 elementor-section-boxed elementor-section-height-default elementor-section-height-default\" data-id=\"8adb167\" data-element_type=\"section\">\n\t\t\t\t\t\t<div class=\"elementor-container elementor-column-gap-default\">\n\t\t\t\t\t\t\t\t<\/div>\n\t\t<\/section>\n\t\t\t\t<section class=\"elementor-section elementor-top-section elementor-element elementor-element-82c477b elementor-section-boxed elementor-section-height-default elementor-section-height-default\" data-id=\"82c477b\" data-element_type=\"section\">\n\t\t\t\t\t\t<div class=\"elementor-container elementor-column-gap-default\">\n\t\t\t\t\t\t\t\t<\/div>\n\t\t<\/section>\n\t\t\t\t\t\t<\/div>\n\t\t\t\t\t<\/div>\n\t\t","protected":false},"excerpt":{"rendered":"<p>\u0627\u0644\u0645\u0624\u0633\u0633\u064a\u0629 \u0645\u0639\u0644\u0648\u0645\u0627\u062a \u0639\u0646\u0627 \u0627\u0644\u0647\u062f\u0641 \u0623\u062a\u0645\u062a\u0629 \u0634\u0631\u0643\u062a\u0646\u0627 \u060c \u0627\u0644\u062a\u064a \u062a\u0623\u0633\u0633\u062a \u0641\u064a \u0639\u0627\u0645 2015 \u0628\u0645\u0634\u0631\u0648\u0639 \u0628\u062d\u062b\u064a \u062c\u0627\u0645\u0639\u064a \u0644\u0644\u0628\u062d\u062b \u0648\u0627\u0644\u062a\u0637\u0648\u064a\u0631 \u0627\u0644\u0632\u0631\u0627\u0639\u064a \u060c \u0647\u064a \u0627\u0644\u064a\u0648\u0645 Targe Otomasyon Sanayi ve Ticaret A.\u015e. \u062a\u0646\u062a\u062c \u0623\u062c\u0647\u0632\u0629 \u0627\u0644\u0623\u062a\u0645\u062a\u0629 \u062a\u062d\u062a \u0627\u0633\u0645 &#8220;\u0623\u0646\u0638\u0645\u0629 \u0627\u0644\u0623\u062a\u0645\u062a\u0629 \u0627\u0644\u0645\u062d\u0644\u064a\u0629 \u0648\u0627\u0644\u0648\u0637\u0646\u064a\u0629&#8221; \u0648\u062a\u062d\u062a \u0627\u0644\u0639\u0644\u0627\u0645\u0629 \u0627\u0644\u062a\u062c\u0627\u0631\u064a\u0629 TARGE. \u0634\u0631\u0643\u062a\u0646\u0627 \u060c \u0648\u0647\u064a \u062c\u0632\u0621 \u0645\u0646 \u0645\u062c\u0645\u0648\u0639\u0629 \u0634\u0631\u0643\u0627\u062a Orallar \u060c \u0647\u064a \u0634\u0631\u0643\u0629 \u062a\u0643\u0646\u0648\u0628\u0648\u0644\u064a\u0633 \u0648\u062a\u0648\u0627\u0635\u0644 \u0623\u0628\u062d\u0627\u062b\u0647\u0627 \u0627\u0644\u0639\u0644\u0645\u064a\u0629 [&hellip;]<\/p>\n","protected":false},"author":1,"featured_media":0,"parent":0,"menu_order":0,"comment_status":"closed","ping_status":"closed","template":"","meta":{"footnotes":""},"class_list":["post-3905","page","type-page","status-publish","hentry"],"_links":{"self":[{"href":"https:\/\/www.targe.com.tr\/ar\/wp-json\/wp\/v2\/pages\/3905","targetHints":{"allow":["GET"]}}],"collection":[{"href":"https:\/\/www.targe.com.tr\/ar\/wp-json\/wp\/v2\/pages"}],"about":[{"href":"https:\/\/www.targe.com.tr\/ar\/wp-json\/wp\/v2\/types\/page"}],"author":[{"embeddable":true,"href":"https:\/\/www.targe.com.tr\/ar\/wp-json\/wp\/v2\/users\/1"}],"replies":[{"embeddable":true,"href":"https:\/\/www.targe.com.tr\/ar\/wp-json\/wp\/v2\/comments?post=3905"}],"version-history":[{"count":4,"href":"https:\/\/www.targe.com.tr\/ar\/wp-json\/wp\/v2\/pages\/3905\/revisions"}],"predecessor-version":[{"id":4039,"href":"https:\/\/www.targe.com.tr\/ar\/wp-json\/wp\/v2\/pages\/3905\/revisions\/4039"}],"wp:attachment":[{"href":"https:\/\/www.targe.com.tr\/ar\/wp-json\/wp\/v2\/media?parent=3905"}],"curies":[{"name":"wp","href":"https:\/\/api.w.org\/{rel}","templated":true}]}}